{"id":76,"date":"2022-08-25T11:54:08","date_gmt":"2022-08-25T11:54:08","guid":{"rendered":"https:\/\/roughtranslation.uni-ak.ac.at\/?page_id=76"},"modified":"2022-08-25T13:59:31","modified_gmt":"2022-08-25T13:59:31","slug":"contact","status":"publish","type":"page","link":"https:\/\/roughtranslation.uni-ak.ac.at\/index.php\/contact\/","title":{"rendered":"Contact"},"content":{"rendered":"\n<p>For further information, please contact: <br>Institut f\u00fcr Sprachkunst<br>Universit\u00e4t f\u00fcr angewandte Kunst<br>Salzgries 14<br>A-1010 Wien<\/p>\n\n\n\n<p>Monika Rinck, Univ. Prof. MA<br>Monika.Rinck[kringel]uni-ak.ac.at<\/p>\n","protected":false},"excerpt":{"rendered":"<p>For further information, please contact: Institut f\u00fcr SprachkunstUniversit\u00e4t f\u00fcr angewandte KunstSalzgries 14A-1010 Wien Monika Rinck, Univ. Prof. MAMonika.Rinck[kringel]uni-ak.ac.at<\/p>\n","protected":false},"author":1,"featured_media":0,"parent":0,"menu_order":0,"comment_status":"closed","ping_status":"closed","template":"","meta":{"footnotes":""},"class_list":["post-76","page","type-page","status-publish","hentry","entry"],"_links":{"self":[{"href":"https:\/\/roughtranslation.uni-ak.ac.at\/index.php\/wp-json\/wp\/v2\/pages\/76","targetHints":{"allow":["GET"]}}],"collection":[{"href":"https:\/\/roughtranslation.uni-ak.ac.at\/index.php\/wp-json\/wp\/v2\/pages"}],"about":[{"href":"https:\/\/roughtranslation.uni-ak.ac.at\/index.php\/wp-json\/wp\/v2\/types\/page"}],"author":[{"embeddable":true,"href":"https:\/\/roughtranslation.uni-ak.ac.at\/index.php\/wp-json\/wp\/v2\/users\/1"}],"replies":[{"embeddable":true,"href":"https:\/\/roughtranslation.uni-ak.ac.at\/index.php\/wp-json\/wp\/v2\/comments?post=76"}],"version-history":[{"count":4,"href":"https:\/\/roughtranslation.uni-ak.ac.at\/index.php\/wp-json\/wp\/v2\/pages\/76\/revisions"}],"predecessor-version":[{"id":153,"href":"https:\/\/roughtranslation.uni-ak.ac.at\/index.php\/wp-json\/wp\/v2\/pages\/76\/revisions\/153"}],"wp:attachment":[{"href":"https:\/\/roughtranslation.uni-ak.ac.at\/index.php\/wp-json\/wp\/v2\/media?parent=76"}],"curies":[{"name":"wp","href":"https:\/\/api.w.org\/{rel}","templated":true}]}}