{"id":75,"date":"2022-08-25T11:54:08","date_gmt":"2022-08-25T11:54:08","guid":{"rendered":"https:\/\/roughtranslation.uni-ak.ac.at\/?page_id=75"},"modified":"2023-01-13T07:38:23","modified_gmt":"2023-01-13T07:38:23","slug":"about","status":"publish","type":"page","link":"https:\/\/roughtranslation.uni-ak.ac.at\/index.php\/about\/","title":{"rendered":"About"},"content":{"rendered":"\n<p><\/p>\n\n\n\n<p>ROUGH TRANSLATION is the website which accompanies a joint project by the Institutes of Language Arts and Transcultural Studies on collective forms and methods of translation. The project started with a series of reading, titled <a href=\"https:\/\/roughtranslation.uni-ak.ac.at\/index.php\/lab-_1-grobgesagt-krieg\/\">GROB GESAGT: KRIEG<\/a>, with Ukrainian poets and will continue with a conference in April 2023. <\/p>\n\n\n\n<p>Wir denken \u00fcber viele Formen des \u00dcbersetzens nach. Dazu geh\u00f6ren \u00dcbersetzungen in den Raum, die theatral oder auch st\u00e4dtebaulich sein k\u00f6nnen. Auch die Frage, inwiefern Erfahrungen \u00fcbertragbar sind, interessiert uns. Hier kann es um Kriegserfahrungen gehen oder um das Ph\u00e4nomen des strukturellen Rassismus. Muss vor der M\u00f6glichkeitkeit der \u00dcbersetzung die Anerkennung stehen? <\/p>\n\n\n\n<p>K\u00f6nnen (oder d\u00fcrfen) wir \u00dcbersetzungsprozesse k\u00fcnstlichen neuronalen Netzwerken \u00fcberlassen? Wie verh\u00e4lt sich poetische Sprache zur Praxis der Maschinen\u00fcbersetzung und des maschinellen Lernens? <\/p>\n\n\n\n<p>Und wir versuchen herauszufinden, ob es wirklich genuine Formen der Un\u00fcbersetzbarkeit gibt, und worin die Un\u00fcbersetzerbarkeit jeweils besteht. <\/p>\n\n\n<p>We think about many forms of translation. These include translations into space, which can be theatrical or urban. We are also interested in the extent to which experiences are transferable. This can be about experiences of war or the phenomenon of structural racism. Does recognition have to come before the possibility of translation?<\/p>\n<p><!-- \/wp:post-content --><\/p>\n<p><!-- wp:paragraph --><\/p>\n<p>And we try to find out whether there are really genuine forms of untranslatability, and what the untranslatability consists of in each case.<\/p>\n<p>Can (or may) we leave translation processes to artificial neural networks? How does poetic language relate to the practice of machine translation?<\/p>\n<p><!-- \/wp:paragraph --><\/p>\n<p><!-- wp:paragraph --><\/p>\n<p>Who translates what, how, for whom? Language articulates power structures. For this reason, far from being romantic, many translating activities involve struggles, tensions, misunderstandings, voids, noise and silence \u2013 as well as interesting conflicts that may find expression in a translator\u2019s afterword or explanatory footnotes. Translation can mean violent usurpation, forced assimilation and integration, it can foster the suppression of smaller languages by a dominant language, as is currently being seen in India. But it can also contribute to the ideal of a practice based on solidarity, allow people to participate in debates, enable them to read literary works from other languages, and encourage multilingualism.<\/p>\n<p><!-- \/wp:paragraph --><\/p>\n<p><!-- wp:paragraph --><\/p>\n<p>The title Rough Translation covers these contrasting aspects of translation, between exclusion and solidarity, that are key to our approach. Roughness is allied here with a basic affirmation of the unfinished that remains open to change. The practice of rough translation implies a collective procedure in several stages. A result is only obtained via the interplay of all those involved. Not least, however, the roughness in Rough Translation also points to crude forms of cultural appropriation that exploit content for commercial gain while bypassing those who produced it.<\/p>\n<p><!-- \/wp:paragraph --><\/p>\n<p><!-- wp:image {\"id\":28,\"sizeSlug\":\"large\",\"linkDestination\":\"none\"} --><\/p>\n<figure class=\"wp-block-image size-large\"><img loading=\"lazy\" decoding=\"async\" width=\"1024\" height=\"671\" class=\"wp-image-28\" src=\"https:\/\/roughtranslation.uni-ak.ac.at\/wp-content\/uploads\/2022\/08\/pferd-1024x671.jpg\" alt=\"Seeing the intricate Sculpture &quot;Streichelwurst&quot; trhough a horses's vision\" srcset=\"https:\/\/roughtranslation.uni-ak.ac.at\/wp-content\/uploads\/2022\/08\/pferd-1024x671.jpg 1024w, https:\/\/roughtranslation.uni-ak.ac.at\/wp-content\/uploads\/2022\/08\/pferd-300x197.jpg 300w, https:\/\/roughtranslation.uni-ak.ac.at\/wp-content\/uploads\/2022\/08\/pferd-768x503.jpg 768w, https:\/\/roughtranslation.uni-ak.ac.at\/wp-content\/uploads\/2022\/08\/pferd.jpg 1345w\" sizes=\"auto, (max-width: 1024px) 100vw, 1024px\" \/><figcaption>Seeing the intricate Sculpture &#8220;Streichelwurst&#8221; trhough a horses&#8217;s vision, with the help of the <a href=\"https:\/\/www.oldenburger-kunstverein.de\/ausstellung\/klara-hobza-animaloculomat\/\"><strong><em>Animaloculomat<\/em><\/strong><\/a> by the artist Klara Hobza.<\/figcaption><\/figure>\n<p><!-- \/wp:image --><\/p>","protected":false},"excerpt":{"rendered":"<p>ROUGH TRANSLATION is the website which accompanies a joint project by the Institutes of Language Arts and Transcultural Studies on collective forms and methods of translation. The project started with a series of reading, titled GROB GESAGT: KRIEG, with Ukrainian poets and will continue with a conference in April 2023. Wir denken \u00fcber viele Formen&hellip; <a class=\"more-link\" href=\"https:\/\/roughtranslation.uni-ak.ac.at\/index.php\/about\/\">Continue reading <span class=\"screen-reader-text\">About<\/span><\/a><\/p>\n","protected":false},"author":1,"featured_media":0,"parent":0,"menu_order":0,"comment_status":"closed","ping_status":"closed","template":"","meta":{"footnotes":""},"class_list":["post-75","page","type-page","status-publish","hentry","entry"],"_links":{"self":[{"href":"https:\/\/roughtranslation.uni-ak.ac.at\/index.php\/wp-json\/wp\/v2\/pages\/75","targetHints":{"allow":["GET"]}}],"collection":[{"href":"https:\/\/roughtranslation.uni-ak.ac.at\/index.php\/wp-json\/wp\/v2\/pages"}],"about":[{"href":"https:\/\/roughtranslation.uni-ak.ac.at\/index.php\/wp-json\/wp\/v2\/types\/page"}],"author":[{"embeddable":true,"href":"https:\/\/roughtranslation.uni-ak.ac.at\/index.php\/wp-json\/wp\/v2\/users\/1"}],"replies":[{"embeddable":true,"href":"https:\/\/roughtranslation.uni-ak.ac.at\/index.php\/wp-json\/wp\/v2\/comments?post=75"}],"version-history":[{"count":8,"href":"https:\/\/roughtranslation.uni-ak.ac.at\/index.php\/wp-json\/wp\/v2\/pages\/75\/revisions"}],"predecessor-version":[{"id":363,"href":"https:\/\/roughtranslation.uni-ak.ac.at\/index.php\/wp-json\/wp\/v2\/pages\/75\/revisions\/363"}],"wp:attachment":[{"href":"https:\/\/roughtranslation.uni-ak.ac.at\/index.php\/wp-json\/wp\/v2\/media?parent=75"}],"curies":[{"name":"wp","href":"https:\/\/api.w.org\/{rel}","templated":true}]}}